{"id":240970,"date":"2020-05-28T18:51:48","date_gmt":"2020-05-28T16:51:48","guid":{"rendered":"<!-- wp:themify-builder\/canvas \/--><!--themify_builder_static--><h2 style=\"text-align: center;\">La <a href=\"https:\/\/21prod.fr\">21Prod<\/a> vous propose un service Management comprenant :<\/h2>\n<p>\u2022 Un <strong>acc\u00e8s aux annuaires partag\u00e9s<\/strong> des lieux "},"modified":"2020-05-28T18:51:48","modified_gmt":"2020-05-28T16:51:48","slug":"description-21prod","status":"publish","type":"page","link":"https:\/\/saudadedaluz.fr\/br\/description-21prod\/","title":{"rendered":"Adh\u00e9sion 21Prod &#8211; Description"},"content":{"rendered":"<!--themify_builder_content-->\n<div id=\"themify_builder_content-240970\" data-postid=\"240970\" class=\"themify_builder_content themify_builder_content-240970 themify_builder tf_clear\">\n                    <div  data-lazy=\"1\" class=\"module_row themify_builder_row tb_f6qu576 tb_first tf_w\">\n                        <div class=\"row_inner col_align_top tb_col_count_1 tf_box tf_rel\">\n                        <div  data-lazy=\"1\" class=\"module_column tb-column col-full tb_y0xz580 first\">\n                    <!-- module text -->\n<div  class=\"module module-text tb_53tn849    wow\" data-tf-animation=\"flipInX\" data-lazy=\"1\">\n        <div  class=\"tb_text_wrap\">\n        <h2 style=\"text-align: center;\">La <a href=\"https:\/\/21prod.fr\">21Prod<\/a> vous propose un service Management comprenant :<\/h2>    <\/div>\n<\/div>\n<!-- \/module text --><!-- module text -->\n<div  class=\"module module-text tb_lvry687    wow\" data-tf-animation=\"flipInY\" data-lazy=\"1\">\n        <div  class=\"tb_text_wrap\">\n        <p>\u2022 Un <strong>acc\u00e8s aux annuaires partag\u00e9s<\/strong> des lieux qui proposent des spectacles ou animations dans plus de 10 d\u00e9partements fran\u00e7ais.<\/p>\n<p>\u2022 <a href=\"https:\/\/saudadedaluz.fr\">Saudade da Luz<\/a> pourra <strong>prendre en charge<\/strong> la mise en place d&rsquo;une <strong>billetterie<\/strong> lors de vos spectacles ou pour vos besoins artistiques. (expositions, vernissages&#8230;)<\/p>\n<p>\u2022 Vous aurez la possibilit\u00e9 de <strong>vous produire<\/strong> sur la sc\u00e8ne de spectacle du 21 Cabaret, ou d&rsquo;utiliser ses locaux \u00e0 des fins artistiques.<\/p>\n<p>\u2022 Vous <strong>obtiendrez les enregistrements audio et vid\u00e9o<\/strong> produit par le <a href=\"https:\/\/21studio.fr\/\">studio<\/a> (en multipistes \/ multicam Full HD) de votre prestation, exposition, interview&#8230;<\/p>\n<p>\u2022 <a href=\"https:\/\/saudadedaluz.fr\">Saudade da Luz<\/a> propose \u00e9galement la <strong>validation de cachet GUSO<\/strong>.<\/p>\n<p>\u2022 Vous aurez aussi une r\u00e9duction de <strong>-25% sur toutes les prestations de services annexes de la production<\/strong> : techniciens: sonorisation, traitement du son, montage vid\u00e9o (clip\/teaser&#8230;), graphismes (affiches\/logos\/flyer&#8230;), reporter (press-book\/interview&#8230;)<\/p>    <\/div>\n<\/div>\n<!-- \/module text -->        <div  data-lazy=\"1\" class=\"module_subrow themify_builder_sub_row tf_w col_align_top tb_col_count_6 tb_tg6e226\">\n                <div  data-lazy=\"1\" class=\"module_column sub_column col6-1 tb_jtc6228 first\">\n                    <!-- module text -->\n<div  class=\"module module-text tb_his4228\" data-lazy=\"1\">\n        <div  class=\"tb_text_wrap\">\n        <p style=\"text-align: center;\"><\/p>    <\/div>\n<\/div>\n<!-- \/module text -->        <\/div>\n                    <div  data-lazy=\"1\" class=\"module_column sub_column col6-1 tb_ewkw229\">\n                            <\/div>\n                    <div  data-lazy=\"1\" class=\"module_column sub_column col6-1 tb_zx03230\">\n                            <\/div>\n                    <div  data-lazy=\"1\" class=\"module_column sub_column col6-1 tb_i1ni231\">\n                            <\/div>\n                    <div  data-lazy=\"1\" class=\"module_column sub_column col6-1 tb_nxt7231\">\n                            <\/div>\n                    <div  data-lazy=\"1\" class=\"module_column sub_column col6-1 tb_y92l232 last\">\n                            <\/div>\n                    <\/div>\n                <\/div>\n                        <\/div>\n        <\/div>\n        <\/div>\n<!--\/themify_builder_content-->","protected":false},"excerpt":{"rendered":"<p>La 21Prod vous propose un service Management comprenant : \u2022 Un acc\u00e8s aux annuaires partag\u00e9s des lieux qui proposent des spectacles ou animations dans plus de 10 d\u00e9partements fran\u00e7ais. \u2022 Saudade da Luz pourra prendre en charge la mise en place d&rsquo;une billetterie lors de vos spectacles ou pour vos besoins artistiques. (expositions, vernissages&#8230;) \u2022 &#8230; <a title=\"Adh\u00e9sion 21Prod &#8211; Description\" class=\"read-more\" href=\"https:\/\/saudadedaluz.fr\/br\/description-21prod\/\" aria-label=\"Read more about Adh\u00e9sion 21Prod &#8211; Description\">Leia mais<\/a><\/p>","protected":false},"author":3,"featured_media":0,"parent":0,"menu_order":5,"comment_status":"closed","ping_status":"closed","template":"","meta":{"footnotes":""},"class_list":["post-240970","page","type-page","status-publish"],"_links":{"self":[{"href":"https:\/\/saudadedaluz.fr\/br\/wp-json\/wp\/v2\/pages\/240970","targetHints":{"allow":["GET"]}}],"collection":[{"href":"https:\/\/saudadedaluz.fr\/br\/wp-json\/wp\/v2\/pages"}],"about":[{"href":"https:\/\/saudadedaluz.fr\/br\/wp-json\/wp\/v2\/types\/page"}],"author":[{"embeddable":true,"href":"https:\/\/saudadedaluz.fr\/br\/wp-json\/wp\/v2\/users\/3"}],"replies":[{"embeddable":true,"href":"https:\/\/saudadedaluz.fr\/br\/wp-json\/wp\/v2\/comments?post=240970"}],"version-history":[{"count":0,"href":"https:\/\/saudadedaluz.fr\/br\/wp-json\/wp\/v2\/pages\/240970\/revisions"}],"wp:attachment":[{"href":"https:\/\/saudadedaluz.fr\/br\/wp-json\/wp\/v2\/media?parent=240970"}],"curies":[{"name":"wp","href":"https:\/\/api.w.org\/{rel}","templated":true}]}}